{"id":2147,"date":"2024-09-29T07:31:51","date_gmt":"2024-09-29T07:31:51","guid":{"rendered":"http:\/\/peslitarim.com.tr\/?page_id=2147"},"modified":"2024-09-29T08:38:46","modified_gmt":"2024-09-29T08:38:46","slug":"gizlilik-politikasi","status":"publish","type":"page","link":"https:\/\/peslitarim.com.tr\/en\/gizlilik-politikasi\/","title":{"rendered":"Privacy Policy"},"content":{"rendered":"<style>.kb-row-layout-id2147_6d141b-34 > .kt-row-column-wrap{align-content:start;}:where(.kb-row-layout-id2147_6d141b-34 > .kt-row-column-wrap) > .wp-block-kadence-column{justify-content:start;}.kb-row-layout-id2147_6d141b-34 > .kt-row-column-wrap{column-gap:var(--global-kb-gap-md, 2rem);row-gap:var(--global-kb-gap-md, 2rem);padding-top:var(--global-kb-spacing-3xl, 6.5rem);padding-bottom:var(--global-kb-spacing-3xl, 6.5rem);grid-template-columns:minmax(0, 1fr);}.kb-row-layout-id2147_6d141b-34 > .kt-row-layout-overlay{opacity:0.30;background-color:var(--global-palette3, #1A202C);mix-blend-mode:luminosity;}@media all and (max-width: 1024px){.kb-row-layout-id2147_6d141b-34 > .kt-row-column-wrap{grid-template-columns:minmax(0, 1fr);}}@media all and (max-width: 767px){.kb-row-layout-id2147_6d141b-34 > .kt-row-column-wrap{grid-template-columns:minmax(0, 1fr);}}<\/style><div class=\"kb-row-layout-wrap kb-row-layout-id2147_6d141b-34 alignfull has-theme-palette3-background-color kt-row-has-bg wp-block-kadence-rowlayout\"><div class=\"kt-row-layout-overlay kt-row-overlay-normal\"><\/div><div class=\"kt-row-column-wrap kt-has-1-columns kt-row-layout-equal kt-tab-layout-inherit kt-mobile-layout-row kt-row-valign-top\">\n<style>.kadence-column2147_d54423-49 > .kt-inside-inner-col,.kadence-column2147_d54423-49 > .kt-inside-inner-col:before{border-top-left-radius:0px;border-top-right-radius:0px;border-bottom-right-radius:0px;border-bottom-left-radius:0px;}.kadence-column2147_d54423-49 > .kt-inside-inner-col{column-gap:var(--global-kb-gap-sm, 1rem);}.kadence-column2147_d54423-49 > .kt-inside-inner-col{flex-direction:column;}.kadence-column2147_d54423-49 > .kt-inside-inner-col > .aligncenter{width:100%;}.kadence-column2147_d54423-49 > .kt-inside-inner-col:before{opacity:0.3;}.kadence-column2147_d54423-49{position:relative;}@media all and (max-width: 1024px){.kadence-column2147_d54423-49 > .kt-inside-inner-col{flex-direction:column;justify-content:center;}}@media all and (max-width: 767px){.kadence-column2147_d54423-49 > .kt-inside-inner-col{flex-direction:column;justify-content:center;}}<\/style>\n<div class=\"wp-block-kadence-column kadence-column2147_d54423-49\"><div class=\"kt-inside-inner-col\"><\/div><\/div>\n\n<\/div><\/div>\n\n<style>.kb-row-layout-id2147_6fdae4-eb > .kt-row-column-wrap{align-content:start;}:where(.kb-row-layout-id2147_6fdae4-eb > .kt-row-column-wrap) > .wp-block-kadence-column{justify-content:start;}.kb-row-layout-id2147_6fdae4-eb > .kt-row-column-wrap{column-gap:var(--global-kb-gap-md, 2rem);row-gap:var(--global-kb-gap-md, 2rem);padding-top:var(--global-kb-spacing-xl, 4rem);padding-bottom:var(--global-kb-spacing-xl, 4rem);grid-template-columns:minmax(0, 1fr);}.kb-row-layout-id2147_6fdae4-eb > .kt-row-layout-overlay{opacity:0.30;}@media all and (max-width: 1024px){.kb-row-layout-id2147_6fdae4-eb > .kt-row-column-wrap{grid-template-columns:minmax(0, 1fr);}}@media all and (max-width: 767px){.kb-row-layout-id2147_6fdae4-eb > .kt-row-column-wrap{grid-template-columns:minmax(0, 1fr);}}<\/style><div class=\"kb-row-layout-wrap kb-row-layout-id2147_6fdae4-eb alignnone wp-block-kadence-rowlayout\"><div class=\"kt-row-column-wrap kt-has-1-columns kt-row-layout-equal kt-tab-layout-inherit kt-mobile-layout-row kt-row-valign-top\">\n<style>.kadence-column2147_1db1a1-5e > .kt-inside-inner-col,.kadence-column2147_1db1a1-5e > .kt-inside-inner-col:before{border-top-left-radius:0px;border-top-right-radius:0px;border-bottom-right-radius:0px;border-bottom-left-radius:0px;}.kadence-column2147_1db1a1-5e > .kt-inside-inner-col{column-gap:var(--global-kb-gap-sm, 1rem);}.kadence-column2147_1db1a1-5e > .kt-inside-inner-col{flex-direction:column;}.kadence-column2147_1db1a1-5e > .kt-inside-inner-col > .aligncenter{width:100%;}.kadence-column2147_1db1a1-5e > .kt-inside-inner-col:before{opacity:0.3;}.kadence-column2147_1db1a1-5e{position:relative;}@media all and (max-width: 1024px){.kadence-column2147_1db1a1-5e > .kt-inside-inner-col{flex-direction:column;justify-content:center;}}@media all and (max-width: 767px){.kadence-column2147_1db1a1-5e > .kt-inside-inner-col{flex-direction:column;justify-content:center;}}<\/style>\n<div class=\"wp-block-kadence-column kadence-column2147_1db1a1-5e\"><div class=\"kt-inside-inner-col\">\n<h1 class=\"wp-block-heading\">G\u0130ZL\u0130L\u0130K POL\u0130T\u0130KASI AYDINLATMA METN\u0130<\/h1>\n\n\n\n<p>07.04.2016 tarihli ve 29677 say\u0131l\u0131 Resmi Gazete\u2019de yay\u0131mlanan 6698 say\u0131l\u0131 Ki\u015fisel Verilerin Korunmas\u0131 Kanunu (\u201cKanun\u201d) uyar\u0131nca, \u201cveri sorumlusu\u201d s\u0131fat\u0131n\u0131 haiz Pe\u015fli Tar\u0131m Ticaret A.\u015e. (\u201c\u015eirket\u201d), Kanun\u2019un 10. maddesinden do\u011fan ayd\u0131nlatma y\u00fck\u00fcml\u00fcl\u00fc\u011f\u00fcn\u00fc yerine getirmek amac\u0131yla a\u015fa\u011f\u0131daki hususlar\u0131 i\u015fbu Ayd\u0131nlatma Metni ile \u00fcye ve m\u00fc\u015fterilerinin bilgi ve incelemesine sunmaktad\u0131r.<\/p>\n\n\n\n<p>Bu Ayd\u0131nlatma Metni\u00a0peslitarim.com.tr\u00a0isimli internet sitesini (\u201cSite\u201d) ziyaret eden, Site\u2019yi kullanan t\u00fcm kullan\u0131c\u0131lar (\u201cKullan\u0131c\u0131\u201d), \u00dcyelik S\u00f6zle\u015fmesi\u2019ni onaylamak suretiyle Site\u2019ye \u00fcyelik ger\u00e7ekle\u015ftiren kullan\u0131c\u0131lar (\u201c\u00dcye\u201d), Mesafeli Sat\u0131\u015f S\u00f6zle\u015fmesi ve \u00d6n Bilgilendirme Formunu onaylamak suretiyle \u015eirket\u2019in \u00fcr\u00fcnlerini sat\u0131n alma talebinde bulunan t\u00fcm \u015fah\u0131slar (\u201cAl\u0131c\u0131\u201d) ile, Site \u00fczerinden \u015eirket\u2019e verilen t\u00fcm ki\u015fisel veriler i\u00e7in ge\u00e7erlidir.<\/p>\n\n\n\n<p>\u0130\u015fbu Ayd\u0131nlatma Metni haricinde \u015eirket Ki\u015fisel Verilerin Korunmas\u0131 ve Gizlilik Politikas\u0131\u2019na internet sitemizin sayfas\u0131ndan ula\u015farak konuyla ilgili detayl\u0131 bilgi edinebilirsiniz.<\/p>\n\n\n\n<p><strong>1. Veri Sorumlusu Taraf\u0131ndan Ayd\u0131nlatma&nbsp; &nbsp; &nbsp; &nbsp; &nbsp; &nbsp;<\/strong><\/p>\n\n\n\n<p>\u015eirket taraf\u0131ndan, Site \u00fcyeli\u011fi ve\/veya Site \u00fczerinden yap\u0131lan sat\u0131n alma i\u015flemleri s\u0131ras\u0131nda payla\u015fm\u0131\u015f oldu\u011funuz, ad, soyad, TC kimlik numaras\u0131, do\u011fum tarihi, cep telefonu numaras\u0131, e-posta adresi, adres bilgilerinden ibaret ki\u015fisel verileriniz veri sorumlusu s\u0131fat\u0131yla saklanmakta ve i\u015flenmektedir.<\/p>\n\n\n\n<p>\u015eirket, hizmetlerini sunarken ki\u015fisel verilerinizin gizlili\u011fine ve korunmas\u0131na azami seviyede \u00f6nem vermekte olup; Kanun uyar\u0131nca Veri Sorumlusu s\u0131fat\u0131yla \u015eirket taraf\u0131ndan elde edilmi\u015f\/elde edilecek ya da taraf\u0131n\u0131zca \u015eirket ile payla\u015f\u0131lan ya da payla\u015f\u0131lacak \u015fahs\u0131n\u0131za ait veriler, yaln\u0131zca a\u015fa\u011f\u0131da a\u00e7\u0131klanan kapsamda ve Kanun\u2019da \u00f6ng\u00f6r\u00fclen \u015fekillerde \u015eirket taraf\u0131ndan i\u015flenecektir.<\/p>\n\n\n\n<p><strong>2. Ki\u015fisel Verilerinizin Toplanma ve \u0130\u015flenme \u015eekli<\/strong><\/p>\n\n\n\n<p>Ki\u015fisel verileriniz, i\u015fbu Ayd\u0131nlatma Metni\u2019nde tan\u0131m\u0131 yap\u0131lan Site \u00fczerinden yaz\u0131l\u0131 veya elektronik ortamda toplanmakta ve i\u015flenmektedir. \u00d6te yandan \u015eirket, mezkur mecra \u00fczerinden gerekli kanuni y\u00fck\u00fcml\u00fcl\u00fcklere riayet etmek suretiyle sosyal medya hesaplar\u0131, mobil uygulamalar, sat\u0131\u015f ve pazarlama birimleri, m\u00fc\u015fteri formlar\u0131, dijital pazarlama kanallar\u0131, s\u00f6zle\u015fmeler, ba\u015fvurular, formlar, teklifler, \u201csite\u201d ziyaretlerinde kullan\u0131lan \u00e7erezler (cookies) arac\u0131l\u0131\u011f\u0131yla, ki\u015fisel verilerinizi Kanun\u2019a uygun \u015fekilde s\u00f6zl\u00fc, yaz\u0131l\u0131 veya elektronik ortamda toplayabilmektedir.&nbsp;<\/p>\n\n\n\n<p>Veri sorumlusu s\u0131fat\u0131 ile \u015eirket, ba\u011fl\u0131 \u015firketler taraf\u0131ndan ya da internet siteleri arac\u0131l\u0131\u011f\u0131 ile yaz\u0131l\u0131, s\u00f6zl\u00fc veya elektronik ortamda; Kanun ve sair mevzuat kapsam\u0131nda elde edilen ki\u015fisel verileriniz; Kanun\u2019da \u00f6ng\u00f6r\u00fclen \u015fekillerde kaydedilebilir, saklanabilir, depolanabilir, muhafaza edilebilir, de\u011fi\u015ftirilebilir, hukuki, kanuni sebeplerle ya da \u015eirket taraf\u0131ndan sunulan hizmetin fiili gereklilikleri do\u011frultusunda \u015eirket taraf\u0131ndan uygun g\u00f6r\u00fclen di\u011fer ki\u015filerle ve\/veya T\u00fcrkiye&#8217;de ilgili 3. ki\u015fi ger\u00e7ek ki\u015fi\/t\u00fczel ki\u015filerle payla\u015f\u0131labilir, i\u015flenebilir.<\/p>\n\n\n\n<p><strong>3. Ki\u015fisel Verilerinizin \u0130\u015flenmesinin Ama\u00e7lar\u0131 ve Hukuki Sebepleri<\/strong><\/p>\n\n\n\n<p>Site arac\u0131l\u0131\u011f\u0131 ile toplanan ki\u015fisel verileriniz Kanun\u2019un 5\/2.a maddesi uyar\u0131nca \u201c<em>Kanunlarda a\u00e7\u0131k\u00e7a \u00f6ng\u00f6r\u00fclmesi<\/em>\u201d ve 5\/2.c maddesi uyar\u0131nca \u201c<em>Bir s\u00f6zle\u015fmenin kurulmas\u0131 veya ifas\u0131yla do\u011frudan do\u011fruya ilgili olmas\u0131 kayd\u0131yla s\u00f6zle\u015fmenin taraflar\u0131na ait ki\u015fisel verilerin i\u015flenmesinin gerekli olmas\u0131<\/em>\u201d hukuki sebeplerine dayan\u0131larak Veri Sorumlusu s\u0131fat\u0131yla \u015eirketimiz taraf\u0131ndan saklanmakta ve i\u015flenmektedir. Bu kapsamda ki\u015fisel verileriniz \u015eirketimiz taraf\u0131ndan \u00fcyelik ve mesafeli sat\u0131\u015f i\u015flemlerinin ger\u00e7ekle\u015ftirilmesi ad\u0131na;<\/p>\n\n\n\n<p>6502 Say\u0131l\u0131 T\u00fcketicinin Korunmas\u0131 Hakk\u0131nda Kanun, Mesafeli S\u00f6zle\u015fmeler Y\u00f6netmeli\u011fi ve Abonelik S\u00f6zle\u015fmeleri Y\u00f6netmeli\u011fi; taraflar aras\u0131ndaki t\u00fcketici ili\u015fkisi \u00e7er\u00e7evesinde fatura s\u00fcreci ve muhasebe i\u015flemlerinin ger\u00e7ekle\u015ftirilmesi ad\u0131na 213 Say\u0131l\u0131 Vergi Usul Kanunu ve \u015eirketimiz\u2019in tabi oldu\u011fu 6102 Say\u0131l\u0131 T\u00fcrk Ticaret Kanunu uyar\u0131nca, \u201c<em>Kanunlarda a\u00e7\u0131k\u00e7a \u00f6ng\u00f6r\u00fclmesi<\/em>\u201d hukuki sebebine dayal\u0131 olarak i\u015flenmekte, Taraf\u0131n\u0131zca bildirilinceye ve yasal s\u00fcre ve sebepler sona erinceye dek saklanmaktad\u0131r.&nbsp;<\/p>\n\n\n\n<p>Bununla birlikte ki\u015fisel verileriniz \u00fcyelik ve mesafeli sat\u0131\u015f s\u00f6zle\u015fmesinin kurulmas\u0131 ifas\u0131, bu kapsamda yap\u0131lacak tahsilat i\u015flemleri ile do\u011frudan do\u011fruya ili\u015fkili olmas\u0131 sebebiyle ve hizmetin kesintisiz olarak s\u00fcrd\u00fcr\u00fclebilmesini, verimlili\u011fini sa\u011flamak, hizmet ve sat\u0131\u015f ko\u015fullar\u0131nda olu\u015facak de\u011fi\u015fiklik, yenileme ve benzeri hususlarda bilgilendirmek ad\u0131na ve\/veya Site \u00fczerinden \u00fcye ki\u015fisel hesab\u0131n\u0131n olu\u015fturulmas\u0131, d\u00fczenlenmesi ve ki\u015fisel hesap \u00fczerinden \u00fcyelik i\u015flemlerinin y\u00f6netilmesi amac\u0131yla Kanun\u2019un 5\/2.c maddesi uyar\u0131nca \u201c<em>Bir s\u00f6zle\u015fmenin kurulmas\u0131 veya ifas\u0131yla do\u011frudan do\u011fruya ilgili olmas\u0131 kayd\u0131yla s\u00f6zle\u015fmenin taraflar\u0131na ait ki\u015fisel verilerin i\u015flenmesinin gerekli olmas\u0131<\/em>\u201d hukuki sebebine dayan\u0131larak,<\/p>\n\n\n\n<p>Veya<\/p>\n\n\n\n<p>6563 Say\u0131l\u0131 Elektronik Ticaretin D\u00fczenlenmesi Hakk\u0131nda Kanun kapsam\u0131nda onay verilmi\u015f olmas\u0131 halinde bu kanun kapsam\u0131nda \u00fcye ve m\u00fc\u015fterileri kampanya ve f\u0131rsatlardan haberdar etmek veya hizmete ili\u015fkin fiyat, pazarlama, di\u011fer imkan, teklif ve bilgileri sunmak, \u00fcyelerle etkin ileti\u015fim kurma gibi ama\u00e7larla ya da hizmetlerin sa\u011fland\u0131\u011f\u0131 sistemlerin kontrol\u00fcn\u00fc sa\u011flamak ve bu sistemleri geli\u015ftirmek, hizmetlerin hukuka ayk\u0131r\u0131 kullan\u0131m\u0131n\u0131 engellemek amac\u0131yla, Veri Sorumlusu s\u0131fat\u0131yla \u015eirketimiz taraf\u0131ndan saklanmakta, i\u015flenmekte, Taraf\u0131n\u0131zca bildirilinceye ve yasal s\u00fcre ve sebepler sona erinceye dek saklanmaktad\u0131r.<\/p>\n\n\n\n<p>Bu maddede belirtilen 5\/2.a \u201c<em>Kanunlarda a\u00e7\u0131k\u00e7a \u00f6ng\u00f6r\u00fclmesi<\/em>\u201d ve 5\/2.c maddesi uyar\u0131nca \u201c<em>Bir s\u00f6zle\u015fmenin kurulmas\u0131 veya ifas\u0131yla do\u011frudan do\u011fruya ilgili olmas\u0131 kayd\u0131yla s\u00f6zle\u015fmenin taraflar\u0131na ait ki\u015fisel verilerin i\u015flenmesinin gerekli olmas\u0131<\/em>\u201d hususlar\u0131na ili\u015fkin detayl\u0131 bilgilere&nbsp;Site\u2019de yer alan \u015eirketimiz\u2019in Ki\u015fisel Verilerin Korunmas\u0131 Ve Gizlilik Politikas\u0131\u2019ndan ula\u015fabilirsiniz.<\/p>\n\n\n\n<p><strong>4. Ki\u015fisel Verilerinizin Aktar\u0131labilece\u011fi Ki\u015fi Ve\/Veya Kurulu\u015flar<\/strong><\/p>\n\n\n\n<p>Kanun\u2019da ve i\u015fbu Ayd\u0131nlatma Metni\u2019nde belirtilen ama\u00e7larla, Site \u00fczerinden \u015eirket ile payla\u015ft\u0131\u011f\u0131n\u0131z ki\u015fisel verilerinizin Kanun kapsam\u0131nda aktar\u0131labilece\u011fi ki\u015fi\/Kurulu\u015flar;<\/p>\n\n\n\n<p>Her nevi resmi merci ve kurumlar, \u015eirket\u2019in hissedarlar\u0131 ve do\u011frudan\/dolayl\u0131 yurti\u00e7i i\u015ftirakleri, \u015eirket\u2019in faaliyetlerini y\u00fcr\u00fctmek \u00fczere hizmet ald\u0131\u011f\u0131\/i\u015f birli\u011fi yapt\u0131\u011f\u0131, yaz\u0131l\u0131m program-hizmet orta\u011f\u0131 \u015fah\u0131s ve kurulu\u015flar, tahsilat amac\u0131yla bankalar ve\/veya tahsilat ile yetkilendirilen kurumlar ve bu ama\u00e7larla ilgili faaliyetin y\u00fcr\u00fct\u00fclebilmesi i\u00e7in \u00e7al\u0131\u015f\u0131lan kurulu\u015flar ve di\u011fer ilgili \u00fc\u00e7\u00fcnc\u00fc ki\u015filerdir.<\/p>\n\n\n\n<p><strong>5. \u00c7erez (Cookie) Kullan\u0131m\u0131<\/strong><\/p>\n\n\n\n<p>\u00c7erezler,\u00a0peslitarim.com.tr sitesini ziyaret etti\u011finizde internet taray\u0131c\u0131n\u0131z taraf\u0131ndan y\u00fcklenen ve bilgisayar\u0131n\u0131z, cep telefonunuz veya tabletinizde saklanan k\u00fc\u00e7\u00fck bilgi par\u00e7ac\u0131klar\u0131n\u0131 i\u00e7eren metin dosyalar\u0131d\u0131r. \u015eirket, Site Kullan\u0131c\u0131lar\u0131na daha iyi hizmet verebilmek, Kullan\u0131c\u0131 ve \u00dcyeleri kampanya ve avantajlardan haberdar etmek amac\u0131yla ve yasal y\u00fck\u00fcml\u00fcl\u00fckleri \u00e7er\u00e7evesinde, i\u015fbu Ki\u015fisel Verilerinize \u0130li\u015fkin Ayd\u0131nlatma Metni ile belirlenen ve sair mevzuatta \u00f6ng\u00f6r\u00fclen ama\u00e7 ve kapsam d\u0131\u015f\u0131nda kullan\u0131lmamak kayd\u0131 ile gezinme bilgilerinizi toplayacak ve g\u00fcvenli olarak saklayacak olup; gerekti\u011fi takdirde \u00fc\u00e7\u00fcnc\u00fc ki\u015filerle payla\u015fabilecektir.<\/p>\n\n\n\n<p>Site\u2019de taray\u0131c\u0131n\u0131z\u0131 kapatt\u0131\u011f\u0131n\u0131zda sona eren oturum \u00e7erezleri ve sabit diskinizde uzun s\u00fcre kalan kal\u0131c\u0131 \u00e7erezler kullan\u0131lmaktad\u0131r. \u0130nternet taray\u0131c\u0131n\u0131z\u0131n ayarlar k\u0131sm\u0131ndan t\u00fcm \u00e7erezleri ya da siteye ait verileri silebilir veya t\u00fcm \u00e7erezleri reddedebilirsiniz. \u00c7erezleri reddetmeniz durumunda siteyi kullanmaya devam edebilirsiniz ancak sitenin t\u00fcm i\u015flevlerine eri\u015femeyebilir veya s\u0131n\u0131rl\u0131 eri\u015febilirsiniz.&nbsp;<\/p>\n\n\n\n<p><strong>6. Kanun Uyar\u0131nca \u015eirket\u2019in Ki\u015fisel Verilerinizi A\u00e7\u0131k R\u0131za Olmaks\u0131z\u0131n \u0130\u015fleyebilece\u011fi Haller<\/strong><\/p>\n\n\n\n<p>Kanun\u2019un 5. maddesi uyar\u0131nca, a\u015fa\u011f\u0131daki hallerde \u015eirket, a\u00e7\u0131k r\u0131zan\u0131z aranmaks\u0131z\u0131n yukar\u0131da belirtilen ve kanuna uygun olarak alm\u0131\u015f oldu\u011fu ki\u015fisel verilerinizi i\u015fleyebilir:<\/p>\n\n\n\n<ul class=\"wp-block-list\">\n<li>Kanunlarda a\u00e7\u0131k\u00e7a \u00f6ng\u00f6r\u00fcld\u00fc\u011f\u00fc hallerde,<\/li>\n\n\n\n<li>Fiili imk\u00e2ns\u0131zl\u0131k nedeniyle veri sahibi olarak r\u0131zan\u0131z\u0131 a\u00e7\u0131klayamayacak durumda olman\u0131z veya r\u0131zan\u0131za hukuki ge\u00e7erlilik tan\u0131nmayan hallerde kendinizin ya da bir ba\u015fkas\u0131n\u0131n hayat\u0131 veya beden b\u00fct\u00fcnl\u00fc\u011f\u00fcn\u00fcn korunmas\u0131 i\u00e7in ki\u015fisel verinizin i\u015flenmesinin zorunlu olmas\u0131 halinde,<\/li>\n\n\n\n<li>Bir s\u00f6zle\u015fmenin kurulmas\u0131 veya ifas\u0131yla do\u011frudan do\u011fruya ilgili olmas\u0131 kayd\u0131yla, s\u00f6zle\u015fmenin taraflar\u0131na ait ki\u015fisel verilerin i\u015flenmesinin gerekli olmas\u0131 halinde,<\/li>\n\n\n\n<li>\u015eirket\u2019in bir hukuki y\u00fck\u00fcml\u00fcl\u00fc\u011f\u00fcn\u00fc yerine getirebilmesi i\u00e7in zorunlu olmas\u0131 halinde,<\/li>\n\n\n\n<li>Ki\u015fisel verinizin taraf\u0131n\u0131zca alenile\u015ftirilmi\u015f olmas\u0131 halinde,<\/li>\n\n\n\n<li>Bir hakk\u0131n tesisi, kullan\u0131lmas\u0131 veya korunmas\u0131 i\u00e7in veri i\u015flemenin zorunlu olmas\u0131 halinde,<\/li>\n\n\n\n<li>Sahip oldu\u011funuz temel hak ve \u00f6zg\u00fcrl\u00fcklerinize zarar vermemek kayd\u0131yla, \u015eirket\u2019in me\u015fru menfaatleri i\u00e7in veri i\u015flenmesinin zorunlu olmas\u0131 halinde.<\/li>\n<\/ul>\n\n\n\n<p><strong>7. Kanun Uyar\u0131nca Haklar\u0131n\u0131z Nelerdir?<\/strong><\/p>\n\n\n\n<p>Kanun\u2019un 11. maddesi uyar\u0131nca \u015eirketimize ba\u015fvurarak;<\/p>\n\n\n\n<ul class=\"wp-block-list\">\n<li>Ki\u015fisel verilerinizin i\u015flenip i\u015flenmedi\u011fini \u00f6\u011frenme,<\/li>\n\n\n\n<li>Ki\u015fisel verileriniz i\u015flenmi\u015fse bilgi talep etme,<\/li>\n\n\n\n<li>Ki\u015fisel verilerinizin i\u015flenme amac\u0131n\u0131 ve bunlar\u0131n amac\u0131na uygun kullan\u0131l\u0131p kullan\u0131lmad\u0131\u011f\u0131n\u0131 \u00f6\u011frenme,<\/li>\n\n\n\n<li>Yurt i\u00e7inde ki\u015fisel verilerinizin aktar\u0131ld\u0131\u011f\u0131 \u00fc\u00e7\u00fcnc\u00fc ki\u015fileri bilme,<\/li>\n\n\n\n<li>Ki\u015fisel verilerinizin eksik veya yanl\u0131\u015f i\u015flenmi\u015f olmas\u0131 h\u00e2linde bunlar\u0131n d\u00fczeltilmesini isteme,<\/li>\n\n\n\n<li>Kanun\u2019un 7. maddesinde \u00f6ng\u00f6r\u00fclen \u015fartlar \u00e7er\u00e7evesinde ki\u015fisel verilerinizin silinmesini veya yok edilmesini isteme,<\/li>\n\n\n\n<li>(d) ve (e) bentleri uyar\u0131nca yap\u0131lan i\u015flemlerin, ki\u015fisel verilerinizin aktar\u0131ld\u0131\u011f\u0131 \u00fc\u00e7\u00fcnc\u00fc ki\u015filere bildirilmesini isteme,<\/li>\n\n\n\n<li>\u0130\u015flenen verilerin m\u00fcnhas\u0131ran otomatik sistemler vas\u0131tas\u0131yla analiz edilmesi suretiyle aleyhinize bir sonucun ortaya \u00e7\u0131kmas\u0131na itiraz etme,<\/li>\n\n\n\n<li>Ki\u015fisel verilerinizin kanuna ayk\u0131r\u0131 olarak i\u015flenmesi sebebiyle zarara u\u011framan\u0131z h\u00e2linde zarar\u0131n giderilmesini talep etme haklar\u0131na sahipsiniz.<\/li>\n<\/ul>\n\n\n\n<p>Bu madde kapsam\u0131ndaki haklar\u0131n\u0131z ile ki\u015fisel verilerinizin g\u00fcncelleme ve de\u011fi\u015fiklik taleplerinizi, d\u00fczenlemenin y\u00fcr\u00fcrl\u00fck tarihi olan 07.10.2016 tarihinden itibaren noter arac\u0131l\u0131\u011f\u0131 ile ve\/veya kimlik do\u011frulamas\u0131n\u0131n yap\u0131lm\u0131\u015f olmas\u0131 kayd\u0131yla \u015eirket merkez adresine bizzat ba\u015fvurmak suretiyle kullanman\u0131z m\u00fcmk\u00fcnd\u00fcr. Ayr\u0131ca Ki\u015fisel Verileri Koruma Kurulu\u2019nun belirleyece\u011fi di\u011fer y\u00f6ntemler duyurulduktan sonra, bu y\u00f6ntemler \u00fczerinden ba\u015fvurular\u0131n ne \u015fekilde al\u0131naca\u011f\u0131 \u015eirket taraf\u0131ndan duyurulacakt\u0131r. \u015eirket, talebin niteli\u011fine g\u00f6re talebinizi en k\u0131sa s\u00fcrede ve en ge\u00e7 otuz (30) g\u00fcn i\u00e7erisinde \u00fccretsiz olarak sonu\u00e7land\u0131racakt\u0131r. Ancak talep edilen i\u015flemin ayr\u0131ca bir maliyet gerektirmesi halinde Kanun\u2019un 13. maddesi kapsam\u0131nda taraf\u0131m\u0131zca Ki\u015fisel Verileri Koruma Kurulu taraf\u0131ndan belirlenen tarifedeki \u00fccret al\u0131nacakt\u0131r.<\/p>\n\n\n\n<p class=\"has--font-size\"><strong>Pesli Tar\u0131m ve Ticaret Anonim \u015eirketi\u00a0<br>Vergi Dairesi\u00a0:\u00a0<\/strong>\u0130l\u00e7e\u00a0<br><strong>Vergi Numaras\u0131 :\u00a0<\/strong>000-000<br><strong>MERS\u0130S Numaras\u0131 :\u00a0<\/strong>000-000<br><strong>Adres :\u00a0<\/strong>\u0130stanbul<br><strong>Telefon :\u00a0<\/strong>0212-000 00 00<br><strong>Faks :\u00a0<\/strong>0212-000 00 00<\/p>\n<\/div><\/div>\n\n<\/div><\/div>\n\n\n<p><\/p>","protected":false},"excerpt":{"rendered":"<p>G\u0130ZL\u0130L\u0130K POL\u0130T\u0130KASI AYDINLATMA METN\u0130 07.04.2016 tarihli ve 29677 say\u0131l\u0131 Resmi Gazete\u2019de yay\u0131mlanan 6698 say\u0131l\u0131 Ki\u015fisel Verilerin Korunmas\u0131 Kanunu (\u201cKanun\u201d) uyar\u0131nca, \u201cveri sorumlusu\u201d s\u0131fat\u0131n\u0131 haiz Pe\u015fli Tar\u0131m Ticaret A.\u015e. (\u201c\u015eirket\u201d), Kanun\u2019un 10. maddesinden do\u011fan ayd\u0131nlatma y\u00fck\u00fcml\u00fcl\u00fc\u011f\u00fcn\u00fc yerine getirmek amac\u0131yla a\u015fa\u011f\u0131daki hususlar\u0131 i\u015fbu Ayd\u0131nlatma Metni ile \u00fcye ve m\u00fc\u015fterilerinin bilgi ve incelemesine sunmaktad\u0131r. Bu Ayd\u0131nlatma Metni\u00a0peslitarim.com.tr\u00a0isimli internet&#8230;<\/p>","protected":false},"author":1,"featured_media":0,"parent":0,"menu_order":0,"comment_status":"closed","ping_status":"closed","template":"","meta":{"_acf_changed":false,"_kad_blocks_custom_css":"","_kad_blocks_head_custom_js":"","_kad_blocks_body_custom_js":"","_kad_blocks_footer_custom_js":"","_kadence_starter_templates_imported_post":false,"_kad_post_transparent":"","_kad_post_title":"hide","_kad_post_layout":"narrow","_kad_post_sidebar_id":"","_kad_post_content_style":"unboxed","_kad_post_vertical_padding":"hide","_kad_post_feature":"hide","_kad_post_feature_position":"","_kad_post_header":false,"_kad_post_footer":false,"_kad_post_classname":"","footnotes":""},"class_list":["post-2147","page","type-page","status-publish","hentry"],"acf":[],"taxonomy_info":[],"featured_image_src_large":false,"author_info":{"display_name":"netogulga","author_link":"https:\/\/peslitarim.com.tr\/en\/author\/netogulga\/"},"comment_info":0,"_links":{"self":[{"href":"https:\/\/peslitarim.com.tr\/en\/wp-json\/wp\/v2\/pages\/2147","targetHints":{"allow":["GET"]}}],"collection":[{"href":"https:\/\/peslitarim.com.tr\/en\/wp-json\/wp\/v2\/pages"}],"about":[{"href":"https:\/\/peslitarim.com.tr\/en\/wp-json\/wp\/v2\/types\/page"}],"author":[{"embeddable":true,"href":"https:\/\/peslitarim.com.tr\/en\/wp-json\/wp\/v2\/users\/1"}],"replies":[{"embeddable":true,"href":"https:\/\/peslitarim.com.tr\/en\/wp-json\/wp\/v2\/comments?post=2147"}],"version-history":[{"count":2,"href":"https:\/\/peslitarim.com.tr\/en\/wp-json\/wp\/v2\/pages\/2147\/revisions"}],"predecessor-version":[{"id":2152,"href":"https:\/\/peslitarim.com.tr\/en\/wp-json\/wp\/v2\/pages\/2147\/revisions\/2152"}],"wp:attachment":[{"href":"https:\/\/peslitarim.com.tr\/en\/wp-json\/wp\/v2\/media?parent=2147"}],"curies":[{"name":"wp","href":"https:\/\/api.w.org\/{rel}","templated":true}]}}