{"id":2149,"date":"2024-09-29T07:35:20","date_gmt":"2024-09-29T07:35:20","guid":{"rendered":"http:\/\/peslitarim.com.tr\/?page_id=2149"},"modified":"2024-11-24T21:51:00","modified_gmt":"2024-11-24T18:51:00","slug":"cerez-politikasi","status":"publish","type":"page","link":"https:\/\/peslitarim.com.tr\/en\/cerez-politikasi\/","title":{"rendered":"Cookie Policy"},"content":{"rendered":"<style>.kb-row-layout-id2149_048ae6-d7 > .kt-row-column-wrap{align-content:start;}:where(.kb-row-layout-id2149_048ae6-d7 > .kt-row-column-wrap) > .wp-block-kadence-column{justify-content:start;}.kb-row-layout-id2149_048ae6-d7 > .kt-row-column-wrap{column-gap:var(--global-kb-gap-md, 2rem);row-gap:var(--global-kb-gap-md, 2rem);padding-top:var(--global-kb-spacing-3xl, 6.5rem);padding-bottom:var(--global-kb-spacing-3xl, 6.5rem);grid-template-columns:minmax(0, 1fr);}.kb-row-layout-id2149_048ae6-d7 > .kt-row-layout-overlay{opacity:0.30;mix-blend-mode:luminosity;}@media all and (max-width: 1024px){.kb-row-layout-id2149_048ae6-d7 > .kt-row-column-wrap{grid-template-columns:minmax(0, 1fr);}}@media all and (max-width: 767px){.kb-row-layout-id2149_048ae6-d7 > .kt-row-column-wrap{grid-template-columns:minmax(0, 1fr);}}<\/style><div class=\"kb-row-layout-wrap kb-row-layout-id2149_048ae6-d7 alignfull has-theme-palette3-background-color kt-row-has-bg wp-block-kadence-rowlayout\"><div class=\"kt-row-column-wrap kt-has-1-columns kt-row-layout-equal kt-tab-layout-inherit kt-mobile-layout-row kt-row-valign-top\">\n<style>.kadence-column2149_c9f8d0-80 > .kt-inside-inner-col,.kadence-column2149_c9f8d0-80 > .kt-inside-inner-col:before{border-top-left-radius:0px;border-top-right-radius:0px;border-bottom-right-radius:0px;border-bottom-left-radius:0px;}.kadence-column2149_c9f8d0-80 > .kt-inside-inner-col{column-gap:var(--global-kb-gap-sm, 1rem);}.kadence-column2149_c9f8d0-80 > .kt-inside-inner-col{flex-direction:column;}.kadence-column2149_c9f8d0-80 > .kt-inside-inner-col > .aligncenter{width:100%;}.kadence-column2149_c9f8d0-80 > .kt-inside-inner-col:before{opacity:0.3;}.kadence-column2149_c9f8d0-80{position:relative;}@media all and (max-width: 1024px){.kadence-column2149_c9f8d0-80 > .kt-inside-inner-col{flex-direction:column;justify-content:center;}}@media all and (max-width: 767px){.kadence-column2149_c9f8d0-80 > .kt-inside-inner-col{flex-direction:column;justify-content:center;}}<\/style>\n<div class=\"wp-block-kadence-column kadence-column2149_c9f8d0-80\"><div class=\"kt-inside-inner-col\"><\/div><\/div>\n\n<\/div><\/div>\n\n<style>.kb-row-layout-id2149_bc04a7-55 > .kt-row-column-wrap{align-content:start;}:where(.kb-row-layout-id2149_bc04a7-55 > .kt-row-column-wrap) > .wp-block-kadence-column{justify-content:start;}.kb-row-layout-id2149_bc04a7-55 > .kt-row-column-wrap{column-gap:var(--global-kb-gap-md, 2rem);row-gap:var(--global-kb-gap-md, 2rem);padding-top:var(--global-kb-spacing-xl, 4rem);padding-bottom:var(--global-kb-spacing-xl, 4rem);grid-template-columns:minmax(0, 1fr);}.kb-row-layout-id2149_bc04a7-55 > .kt-row-layout-overlay{opacity:0.30;}@media all and (max-width: 1024px){.kb-row-layout-id2149_bc04a7-55 > .kt-row-column-wrap{grid-template-columns:minmax(0, 1fr);}}@media all and (max-width: 767px){.kb-row-layout-id2149_bc04a7-55 > .kt-row-column-wrap{grid-template-columns:minmax(0, 1fr);}}<\/style><div class=\"kb-row-layout-wrap kb-row-layout-id2149_bc04a7-55 alignnone wp-block-kadence-rowlayout\"><div class=\"kt-row-column-wrap kt-has-1-columns kt-row-layout-equal kt-tab-layout-inherit kt-mobile-layout-row kt-row-valign-top\">\n<style>.kadence-column2149_b6ae4e-95 > .kt-inside-inner-col,.kadence-column2149_b6ae4e-95 > .kt-inside-inner-col:before{border-top-left-radius:0px;border-top-right-radius:0px;border-bottom-right-radius:0px;border-bottom-left-radius:0px;}.kadence-column2149_b6ae4e-95 > .kt-inside-inner-col{column-gap:var(--global-kb-gap-sm, 1rem);}.kadence-column2149_b6ae4e-95 > .kt-inside-inner-col{flex-direction:column;}.kadence-column2149_b6ae4e-95 > .kt-inside-inner-col > .aligncenter{width:100%;}.kadence-column2149_b6ae4e-95 > .kt-inside-inner-col:before{opacity:0.3;}.kadence-column2149_b6ae4e-95{position:relative;}@media all and (max-width: 1024px){.kadence-column2149_b6ae4e-95 > .kt-inside-inner-col{flex-direction:column;justify-content:center;}}@media all and (max-width: 767px){.kadence-column2149_b6ae4e-95 > .kt-inside-inner-col{flex-direction:column;justify-content:center;}}<\/style>\n<div class=\"wp-block-kadence-column kadence-column2149_b6ae4e-95\"><div class=\"kt-inside-inner-col\">\n<h1 class=\"wp-block-heading\">\u00c7EREZ POL\u0130T\u0130KASI<\/h1>\n\n\n\n<p>\u0130\u015fbu peslitarim.com.tr \u00c7erez Politikas\u0131 (\u201c\u00c7erez Politikas\u0131\u201d), peslitarim.com.tr\u2019nin \u00e7erez kullan\u0131m\u0131na ili\u015fkin ve bu \u00e7erez kullan\u0131m\u0131n\u0131n esas ve detaylar\u0131 ile ilgili olarak peslitarim.com.tr isimli internet sitesi (\u201c\u0130nternet Sitesi\u201d) ziyaret\u00e7ilerini, Kullan\u0131c\u0131(lar)\u2019\u0131n\u0131 ve \u00dcye(ler)\u2019ini bilgilendirmek amac\u0131yla haz\u0131rlanm\u0131\u015ft\u0131r.<\/p>\n\n\n\n<p><strong>1.<\/strong>&nbsp;<strong>\u00c7erezler hakk\u0131nda bilgi<\/strong><\/p>\n\n\n\n<p>Pe\u015fli Tar\u0131m Ticaret A.\u015e. sahibi oldu\u011fu \u0130nternet Sitesi\u2019ne, elektronik platformlara, mobil ve dijital uygulamalara veya peslitarim.com.tr taraf\u0131ndan g\u00f6nderilen elektronik posta iletilerine veya reklamlara eri\u015fim s\u0131ras\u0131nda, ziyaret\u00e7i, Kullan\u0131c\u0131(lar) ve \u00dcye(ler)\u2019in bilgisayar\u0131na, cep telefonuna, tabletine veya eri\u015fim sa\u011flanan\/kullan\u0131lan di\u011fer cihazlara; ziyaret\u00e7ilere \u00f6zelle\u015ftirilmi\u015f i\u00e7erikler g\u00f6sterebilmek ve \u00e7evrimi\u00e7i reklamc\u0131l\u0131k faaliyetlerinde bulunabilmek maksad\u0131yla teknik vas\u0131talarla belirli verilerin kaydedilmesi ve toplanmas\u0131n\u0131 sa\u011flayan k\u00fc\u00e7\u00fck veri dosyalar\u0131 yerle\u015ftirebilmektedir. Bilgisayar ve di\u011fer cihazlara yerle\u015ftirilen bu veri dosyalar\u0131, \u00e7erez, piksel tag, flash cookies ve web i\u015faret\u00e7ileri olabilece\u011fi gibi, veri depolama ama\u00e7l\u0131 benzeri di\u011fer teknolojiler de olabilecektir. (k\u0131saca \u201c\u00c7erezler\u201d) \u00a0<\/p>\n\n\n\n<p>\u00c7erezler, ziyaret\u00e7i, Kullan\u0131c\u0131(lar) ve \u00dcye(ler) taraf\u0131ndan kullan\u0131lan taray\u0131c\u0131 arac\u0131l\u0131\u011f\u0131yla ziyaret\u00e7i, Kullan\u0131c\u0131(lar) ve \u00dcye(ler)\u2019in cihaz\u0131na ge\u00e7ici olarak yerle\u015ftirilen, az miktarda bilgiyi i\u00e7eren k\u00fc\u00e7\u00fck metin dosyalar\u0131d\u0131r. ziyaret\u00e7i, Kullan\u0131c\u0131(lar) ve \u00dcye(ler) internet taray\u0131c\u0131lar\u0131 ile \u0130nternet Sitesi\u2019ni her ziyaret etti\u011finde bu \u00e7erezler web sitesine geri g\u00f6nderilir ve bu sayede \u0130nternet Sitesi, ziyaret\u00e7i, Kullan\u0131c\u0131(lar) ve \u00dcye(ler)\u2019in cihaz\u0131n\u0131 tan\u0131yabilir. \u00c7erezler\u2019in kullan\u0131m amac\u0131 \u0130nternet Sitesi kullan\u0131m\u0131na dair bilgi toplamakt\u0131r. \u00c7erezler ziyaret\u00e7i, Kullan\u0131c\u0131(lar) ve \u00dcye(ler)\u2019in bilgisayar\u0131nda depolanan veriler de dahil olmak \u00fczere herhangi bir ki\u015fisel bilgi i\u00e7ermez, \u0130nternet Sitesi ziyaret\u00e7ilerinin, kullan\u0131c\u0131\/kimlik tespiti i\u00e7in kullan\u0131lmaz. peslitarim.com.tr olarak, \u00c7erezleri \u0130nternet Sitesi\u2019ni kullan\u0131c\u0131 dostu k\u0131lmak ve peslitarim.com.tr\u2019deki taramalar\u0131 kolayla\u015ft\u0131rmak maksad\u0131yla kullanmaktad\u0131r.\u00a0<\/p>\n\n\n\n<p><strong>2. \u0130nternet Sitesi\u2019nde kullan\u0131lan \u00e7erezler&nbsp;<\/strong><\/p>\n\n\n\n<p><strong>Oturum \u00c7erezleri (Session Cookies):<\/strong><\/p>\n\n\n\n<p>Oturum \u00e7erezleri ziyaret\u00e7ilerin, ziyaret\u00e7i, Kullan\u0131c\u0131(lar) ve \u00dcye(ler)\u2019in \u0130nternet Sitesi\u2019ni ziyaretleri s\u00fcresince kullan\u0131lan, taray\u0131c\u0131 kapat\u0131ld\u0131ktan sonra silinen ge\u00e7ici \u00e7erezlerdir.<\/p>\n\n\n\n<p>Bu t\u00fcr \u00e7erezlerin kullan\u0131lmas\u0131n\u0131n temel amac\u0131 ziyaretiniz s\u00fcresince \u0130nternet Sitesi\u2019nin d\u00fczg\u00fcn bir bi\u00e7imde \u00e7al\u0131\u015fmas\u0131n\u0131n teminini sa\u011flamakt\u0131r.<\/p>\n\n\n\n<p>\u00d6rne\u011fin; birden fazla sayfadan olu\u015fan \u00e7evrimi\u00e7i formlar\u0131 doldurman\u0131z\u0131 sa\u011flanmaktad\u0131r.<\/p>\n\n\n\n<p><strong>Kal\u0131c\u0131 \u00c7erezler (Persistent Cookies):<\/strong><\/p>\n\n\n\n<p>Kal\u0131c\u0131 \u00e7erezler \u0130nternet Sitesi\u2019nin i\u015flevselli\u011fini art\u0131rmak, ziyaret\u00e7ilere, ziyaret\u00e7i, Kullan\u0131c\u0131(lar) ve \u00dcye(ler)\u2019e daha h\u0131zl\u0131 ve iyi bir hizmet sunmak amac\u0131yla kullan\u0131lan \u00e7erez t\u00fcrleridir.<\/p>\n\n\n\n<p>Bu t\u00fcr \u00e7erezler tercihlerinizi hat\u0131rlamak i\u00e7in kullan\u0131l\u0131r ve taray\u0131c\u0131lar vas\u0131tas\u0131yla cihaz\u0131n\u0131zda depolan\u0131r.<\/p>\n\n\n\n<p>Kal\u0131c\u0131 \u00e7erezlerin baz\u0131 t\u00fcrleri; \u0130nternet Sitesi\u2019ni kullan\u0131m amac\u0131 gibi hususlar g\u00f6z \u00f6n\u00fcnde bulundurarak sizlere \u00f6zel \u00f6neriler sunulmas\u0131 i\u00e7in kullan\u0131labilmektedir.<\/p>\n\n\n\n<p>Kal\u0131c\u0131 \u00e7erezler sayesinde \u0130nternet Sitesi\u2019ni ayn\u0131 cihazla tekrardan ziyaret etmeniz durumunda, cihaz\u0131n\u0131zda \u0130nternet Sitesi taraf\u0131ndan olu\u015fturulmu\u015f bir \u00e7erez olup olmad\u0131\u011f\u0131 kontrol edilir ve var ise siteyi daha \u00f6nce ziyaret etti\u011finiz anla\u015f\u0131l\u0131r ve size iletilecek i\u00e7erik bu do\u011frultuda belirlenir ve b\u00f6ylelikle sizlere daha iyi bir hizmet sunulur.<\/p>\n\n\n\n<p><strong>Otantikasyon \u00c7erezleri (Authentication Cookies):<\/strong><\/p>\n\n\n\n<p>Ziyaret\u00e7i, Kullan\u0131c\u0131(lar) ve \u00dcye(ler), \u015fifrelerini kullanarak \u0130nternet Sitesi\u2019ne giri\u015f yapmalar\u0131 durumunda, bu t\u00fcr \u00e7erezler ile ziyaret\u00e7inin \u0130nternet Sitesi\u2019nde ziyaret etti\u011fi her bir sayfada site kullan\u0131c\u0131s\u0131 oldu\u011fu belirlenerek, kullan\u0131c\u0131n\u0131n her sayfada \u015fifresini yeniden girmesi \u00f6nlenir.<\/p>\n\n\n\n<p><strong>Analitik \u00c7erezler (Analytical Cookies):<\/strong><\/p>\n\n\n\n<p>Analitik \u00e7erezler ile \u0130nternet Sitesi\u2019ni ziyaret edenlerin say\u0131lar\u0131, \u0130nternet Sitesi\u2019nde g\u00f6r\u00fcnt\u00fclenen sayfalar\u0131n tespiti, \u0130nternet Sitesi ziyaret saatleri, internet sitesi sayfalar\u0131 kayd\u0131rma hareketleri gibi analitik sonu\u00e7lar\u0131n \u00fcretimini sa\u011flayan \u00e7erezlerdir.&nbsp;<\/p>\n\n\n\n<p><strong>3.<\/strong>&nbsp;<strong>\u00c7erezlerin kontrol\u00fc ve silinmesi\/kald\u0131r\u0131lmas\u0131&nbsp;<\/strong><\/p>\n\n\n\n<p>Bir\u00e7ok internet taray\u0131c\u0131s\u0131 varsay\u0131lan olarak \u00e7erezleri otomatik kabul etmeye ayarl\u0131d\u0131r. Bu ayarlar, \u00e7erezler ziyaret\u00e7i, Kullan\u0131c\u0131(lar) ve \u00dcye(ler)\u2019in cihaz\u0131na g\u00f6nderildi\u011finde uyar\u0131 vererek ya da \u00e7erezler engellenerek de\u011fi\u015ftirilebilir. Ziyaret\u00e7i, Kullan\u0131c\u0131(lar) ve \u00dcye(ler) taraf\u0131ndan, \u0130nternet Sitesi\u2019ndeki \u00e7erezlerin engellenmesi, \u0130nternet Sitesi\u2019ndeki kullan\u0131c\u0131 deneyiminin olumsuz \u015fekilde etkilenmesine yol a\u00e7abilir. \u00d6rnek olarak, peslitarim.com.tr baz\u0131 k\u0131s\u0131mlar\u0131 g\u00f6r\u00fcnt\u00fclenemeyebilir, s\u00f6z konusu mecralar\u0131n t\u00fcm i\u015flevlerine eri\u015femeyebilir, eri\u015fimi s\u0131n\u0131rl\u0131 olabilir veya peslitarim.com.tr ziyaret edildi\u011finde kullan\u0131c\u0131 \u00f6zelinde haz\u0131rlanm\u0131\u015f bilgilere eri\u015filemeyebilir. \u00a0<\/p>\n\n\n\n<p>Farkl\u0131 cihazlar (tablet, tel. vb.) kullan\u0131larak \u0130nternet Sitesi ziyaret edildi\u011finde, kullan\u0131lan taray\u0131c\u0131n\u0131n \u00e7erez tercihlerinin de d\u00fczenlenmi\u015f olmas\u0131 gerekmektedir.<\/p>\n\n\n\n<p>Ziyaret\u00e7i, Kullan\u0131c\u0131(lar) ve \u00dcye(ler) taraf\u0131ndan taray\u0131c\u0131 ayarlar\u0131n\u0131n nas\u0131l d\u00fczenlenece\u011fi ve y\u00f6netilebilece\u011fi hakk\u0131nda gerekli bilgiler i\u00e7in taray\u0131c\u0131n\u0131z\u0131n \u00c7erezler Hakk\u0131nda k\u0131sm\u0131n\u0131 ziyaret edebilirsiniz. Ayr\u0131nt\u0131l\u0131 bilgi i\u00e7in kullan\u0131lan taray\u0131c\u0131n\u0131n yard\u0131m ya da talimat b\u00f6l\u00fcm\u00fcn\u00fcn ziyaret edilmesi uygundur.<\/p>\n<\/div><\/div>\n\n<\/div><\/div>","protected":false},"excerpt":{"rendered":"<p>\u00c7EREZ POL\u0130T\u0130KASI \u0130\u015fbu peslitarim.com.tr \u00c7erez Politikas\u0131 (\u201c\u00c7erez Politikas\u0131\u201d), peslitarim.com.tr\u2019nin \u00e7erez kullan\u0131m\u0131na ili\u015fkin ve bu \u00e7erez kullan\u0131m\u0131n\u0131n esas ve detaylar\u0131 ile ilgili olarak peslitarim.com.tr isimli internet sitesi (\u201c\u0130nternet Sitesi\u201d) ziyaret\u00e7ilerini, Kullan\u0131c\u0131(lar)\u2019\u0131n\u0131 ve \u00dcye(ler)\u2019ini bilgilendirmek amac\u0131yla haz\u0131rlanm\u0131\u015ft\u0131r. 1.&nbsp;\u00c7erezler hakk\u0131nda bilgi Pe\u015fli Tar\u0131m Ticaret A.\u015e. sahibi oldu\u011fu \u0130nternet Sitesi\u2019ne, elektronik platformlara, mobil ve dijital uygulamalara veya peslitarim.com.tr taraf\u0131ndan&#8230;<\/p>","protected":false},"author":1,"featured_media":0,"parent":0,"menu_order":0,"comment_status":"closed","ping_status":"closed","template":"","meta":{"_acf_changed":false,"_kad_blocks_custom_css":"","_kad_blocks_head_custom_js":"","_kad_blocks_body_custom_js":"","_kad_blocks_footer_custom_js":"","_kadence_starter_templates_imported_post":false,"_kad_post_transparent":"","_kad_post_title":"hide","_kad_post_layout":"narrow","_kad_post_sidebar_id":"","_kad_post_content_style":"unboxed","_kad_post_vertical_padding":"hide","_kad_post_feature":"hide","_kad_post_feature_position":"","_kad_post_header":false,"_kad_post_footer":false,"_kad_post_classname":"","footnotes":""},"class_list":["post-2149","page","type-page","status-publish","hentry"],"acf":[],"taxonomy_info":[],"featured_image_src_large":false,"author_info":{"display_name":"netogulga","author_link":"https:\/\/peslitarim.com.tr\/en\/author\/netogulga\/"},"comment_info":0,"_links":{"self":[{"href":"https:\/\/peslitarim.com.tr\/en\/wp-json\/wp\/v2\/pages\/2149","targetHints":{"allow":["GET"]}}],"collection":[{"href":"https:\/\/peslitarim.com.tr\/en\/wp-json\/wp\/v2\/pages"}],"about":[{"href":"https:\/\/peslitarim.com.tr\/en\/wp-json\/wp\/v2\/types\/page"}],"author":[{"embeddable":true,"href":"https:\/\/peslitarim.com.tr\/en\/wp-json\/wp\/v2\/users\/1"}],"replies":[{"embeddable":true,"href":"https:\/\/peslitarim.com.tr\/en\/wp-json\/wp\/v2\/comments?post=2149"}],"version-history":[{"count":3,"href":"https:\/\/peslitarim.com.tr\/en\/wp-json\/wp\/v2\/pages\/2149\/revisions"}],"predecessor-version":[{"id":2466,"href":"https:\/\/peslitarim.com.tr\/en\/wp-json\/wp\/v2\/pages\/2149\/revisions\/2466"}],"wp:attachment":[{"href":"https:\/\/peslitarim.com.tr\/en\/wp-json\/wp\/v2\/media?parent=2149"}],"curies":[{"name":"wp","href":"https:\/\/api.w.org\/{rel}","templated":true}]}}